{"id":304,"date":"2021-04-21T11:01:12","date_gmt":"2021-04-21T09:01:12","guid":{"rendered":"https:\/\/www.cdlhome.fr\/?page_id=304"},"modified":"2021-04-21T20:30:56","modified_gmt":"2021-04-21T18:30:56","slug":"contact","status":"publish","type":"page","link":"https:\/\/www.cdlhome.fr\/index.php\/accueil\/contact\/","title":{"rendered":"Contact"},"content":{"rendered":"\t\t<div data-elementor-type=\"wp-page\" data-elementor-id=\"304\" class=\"elementor elementor-304\">\n\t\t\t\t\t\t\t\t\t<section class=\"elementor-section elementor-top-section elementor-element elementor-element-959844c elementor-section-height-min-height elementor-section-boxed elementor-section-height-default elementor-section-items-middle\" data-id=\"959844c\" data-element_type=\"section\">\n\t\t\t\t\t\t<div class=\"elementor-container elementor-column-gap-default\">\n\t\t\t\t\t<div class=\"elementor-column elementor-col-100 elementor-top-column elementor-element elementor-element-dc899a8\" data-id=\"dc899a8\" data-element_type=\"column\">\n\t\t\t<div class=\"elementor-widget-wrap elementor-element-populated\">\n\t\t\t\t\t\t\t\t<div class=\"elementor-element elementor-element-9200ddb elementor-widget elementor-widget-spacer\" data-id=\"9200ddb\" data-element_type=\"widget\" data-widget_type=\"spacer.default\">\n\t\t\t\t<div class=\"elementor-widget-container\">\n\t\t\t\t\t<div class=\"elementor-spacer\">\n\t\t\t<div class=\"elementor-spacer-inner\"><\/div>\n\t\t<\/div>\n\t\t\t\t<\/div>\n\t\t\t\t<\/div>\n\t\t\t\t\t<\/div>\n\t\t<\/div>\n\t\t\t\t\t\t\t<\/div>\n\t\t<\/section>\n\t\t\t\t<section class=\"elementor-section elementor-top-section elementor-element elementor-element-3cab2f8 elementor-section-boxed elementor-section-height-default elementor-section-height-default\" data-id=\"3cab2f8\" data-element_type=\"section\">\n\t\t\t\t\t\t<div class=\"elementor-container elementor-column-gap-default\">\n\t\t\t\t\t<div class=\"elementor-column elementor-col-50 elementor-top-column elementor-element elementor-element-57e50dd\" data-id=\"57e50dd\" data-element_type=\"column\">\n\t\t\t<div class=\"elementor-widget-wrap elementor-element-populated\">\n\t\t\t\t\t\t\t\t<section class=\"elementor-section elementor-inner-section elementor-element elementor-element-958a34e elementor-section-height-min-height elementor-section-boxed elementor-section-height-default\" data-id=\"958a34e\" data-element_type=\"section\">\n\t\t\t\t\t\t<div class=\"elementor-container elementor-column-gap-default\">\n\t\t\t\t\t<div class=\"elementor-column elementor-col-100 elementor-inner-column elementor-element elementor-element-0135080\" data-id=\"0135080\" data-element_type=\"column\">\n\t\t\t<div class=\"elementor-widget-wrap elementor-element-populated\">\n\t\t\t\t\t\t\t\t<div class=\"elementor-element elementor-element-eee282f elementor-invisible elementor-widget elementor-widget-image\" data-id=\"eee282f\" data-element_type=\"widget\" data-settings=\"{&quot;_animation&quot;:&quot;zoomIn&quot;}\" data-widget_type=\"image.default\">\n\t\t\t\t<div class=\"elementor-widget-container\">\n\t\t\t\t\t\t\t\t\t\t\t\t\t\t\t<img src=\"https:\/\/i1.wp.com\/www.cdlhome.fr\/wp-content\/uploads\/2021\/04\/contact-1.jpg?fit=300%2C300&amp;ssl=1\" title=\"contact 1\" alt=\"contact 1\" loading=\"lazy\" \/>\t\t\t\t\t\t\t\t\t\t\t\t\t\t\t<\/div>\n\t\t\t\t<\/div>\n\t\t\t\t<div class=\"elementor-element elementor-element-ceef91e elementor-widget-divider--view-line elementor-widget elementor-widget-divider\" data-id=\"ceef91e\" data-element_type=\"widget\" data-widget_type=\"divider.default\">\n\t\t\t\t<div class=\"elementor-widget-container\">\n\t\t\t\t\t<div class=\"elementor-divider\">\n\t\t\t<span class=\"elementor-divider-separator\">\n\t\t\t\t\t\t<\/span>\n\t\t<\/div>\n\t\t\t\t<\/div>\n\t\t\t\t<\/div>\n\t\t\t\t\t<\/div>\n\t\t<\/div>\n\t\t\t\t\t\t\t<\/div>\n\t\t<\/section>\n\t\t\t\t<div class=\"elementor-element elementor-element-9501a9d elementor-widget elementor-widget-text-editor\" data-id=\"9501a9d\" data-element_type=\"widget\" data-widget_type=\"text-editor.default\">\n\t\t\t\t<div class=\"elementor-widget-container\">\n\t\t\t\t\t\t\t<p>Nous aimerions vous conna\u00eetre.<\/p><p>Alors n&rsquo;h\u00e9sitez pas, installez vous et prenez le temps de nous \u00e9crire.<\/p><p>Nous serions ravis de vous r\u00e9pondre et vous rencontrer afin de r\u00e9pondre \u00e0 vos besoins&#8230;<\/p>\t\t\t\t\t\t<\/div>\n\t\t\t\t<\/div>\n\t\t\t\t\t<\/div>\n\t\t<\/div>\n\t\t\t\t<div class=\"elementor-column elementor-col-50 elementor-top-column elementor-element elementor-element-281d888\" data-id=\"281d888\" data-element_type=\"column\">\n\t\t\t<div class=\"elementor-widget-wrap elementor-element-populated\">\n\t\t\t\t\t\t\t\t<div class=\"elementor-element elementor-element-d744b8d elementor-invisible elementor-widget elementor-widget-shortcode\" data-id=\"d744b8d\" data-element_type=\"widget\" data-settings=\"{&quot;_animation&quot;:&quot;bounceInRight&quot;}\" data-widget_type=\"shortcode.default\">\n\t\t\t\t<div class=\"elementor-widget-container\">\n\t\t\t\t\t<div class=\"elementor-shortcode\"><div role=\"form\" class=\"wpcf7\" id=\"wpcf7-f283-o1\" lang=\"fr-FR\" dir=\"ltr\">\n<div class=\"screen-reader-response\"><p role=\"status\" aria-live=\"polite\" aria-atomic=\"true\"><\/p> <ul><\/ul><\/div>\n<form action=\"\/index.php\/wp-json\/wp\/v2\/pages\/304#wpcf7-f283-o1\" method=\"post\" class=\"wpcf7-form init\" novalidate=\"novalidate\" data-status=\"init\">\n<div style=\"display: none;\">\n<input type=\"hidden\" name=\"_wpcf7\" value=\"283\" \/>\n<input type=\"hidden\" name=\"_wpcf7_version\" value=\"5.5.4\" \/>\n<input type=\"hidden\" name=\"_wpcf7_locale\" value=\"fr_FR\" \/>\n<input type=\"hidden\" name=\"_wpcf7_unit_tag\" value=\"wpcf7-f283-o1\" \/>\n<input type=\"hidden\" name=\"_wpcf7_container_post\" value=\"0\" \/>\n<input type=\"hidden\" name=\"_wpcf7_posted_data_hash\" value=\"\" \/>\n<input type=\"hidden\" name=\"_wpcf7_recaptcha_response\" value=\"\" \/>\n<\/div>\n<p><label> Votre nom<br \/>\n    <span class=\"wpcf7-form-control-wrap your-name\"><input type=\"text\" name=\"your-name\" value=\"\" size=\"40\" class=\"wpcf7-form-control wpcf7-text wpcf7-validates-as-required\" aria-required=\"true\" aria-invalid=\"false\" \/><\/span> <\/label><\/p>\n<p><label> Votre e-mail<br \/>\n    <span class=\"wpcf7-form-control-wrap your-email\"><input type=\"email\" name=\"your-email\" value=\"\" size=\"40\" class=\"wpcf7-form-control wpcf7-text wpcf7-email wpcf7-validates-as-required wpcf7-validates-as-email\" aria-required=\"true\" aria-invalid=\"false\" \/><\/span> <\/label><\/p>\n<p><label> Votre Num\u00e9ro de T\u00e9l\u00e9phone<br \/>\n    <span class=\"wpcf7-form-control-wrap tel-606\"><input type=\"tel\" name=\"tel-606\" value=\"\" size=\"40\" class=\"wpcf7-form-control wpcf7-text wpcf7-tel wpcf7-validates-as-required wpcf7-validates-as-tel\" aria-required=\"true\" aria-invalid=\"false\" \/><\/span> <\/label><\/p>\n<p><label> Objet<br \/>\n    <span class=\"wpcf7-form-control-wrap your-subject\"><input type=\"text\" name=\"your-subject\" value=\"\" size=\"40\" class=\"wpcf7-form-control wpcf7-text wpcf7-validates-as-required\" aria-required=\"true\" aria-invalid=\"false\" \/><\/span> <\/label><\/p>\n<p><label> Votre message (facultatif)<br \/>\n    <span class=\"wpcf7-form-control-wrap your-message\"><textarea name=\"your-message\" cols=\"40\" rows=\"10\" class=\"wpcf7-form-control wpcf7-textarea\" aria-invalid=\"false\"><\/textarea><\/span> <\/label><\/p>\n<p><span class=\"wpcf7-form-control-wrap acceptance-235\"><span class=\"wpcf7-form-control wpcf7-acceptance optional\"><span class=\"wpcf7-list-item\"><label><input type=\"checkbox\" name=\"acceptance-235\" value=\"1\" aria-invalid=\"false\" \/><span class=\"wpcf7-list-item-label\">En soumettant ce formulaire, j'accepte que les donn\u00e9es saisies soient exploit\u00e9es dans le cadre de ma demande d'information et de la relation commerciale qui peut en d\u00e9couler.<\/span><\/label><\/span><\/span><\/span><\/p>\n<p><input type=\"submit\" value=\"Envoyer\" class=\"wpcf7-form-control has-spinner wpcf7-submit\" \/><\/p>\n<div class=\"wpcf7-response-output\" aria-hidden=\"true\"><\/div><\/form><\/div><\/div>\n\t\t\t\t<\/div>\n\t\t\t\t<\/div>\n\t\t\t\t\t<\/div>\n\t\t<\/div>\n\t\t\t\t\t\t\t<\/div>\n\t\t<\/section>\n\t\t\t\t\t\t\t<\/div>\n\t\t","protected":false},"excerpt":{"rendered":"<p>Nous aimerions vous conna\u00eetre. Alors n&rsquo;h\u00e9sitez pas, installez vous et prenez le temps de nous \u00e9crire. Nous serions ravis de vous r\u00e9pondre et vous rencontrer afin de r\u00e9pondre \u00e0 vos besoins&#8230;<\/p>\n","protected":false},"author":1,"featured_media":0,"parent":52,"menu_order":4,"comment_status":"closed","ping_status":"closed","template":"elementor_header_footer","meta":{"spay_email":""},"yoast_head":"<!-- This site is optimized with the Yoast SEO plugin v18.0 - https:\/\/yoast.com\/wordpress\/plugins\/seo\/ -->\n<title>Contact CDL HOME<\/title>\n<meta name=\"robots\" content=\"index, follow, max-snippet:-1, max-image-preview:large, max-video-preview:-1\" \/>\n<link rel=\"canonical\" href=\"https:\/\/www.cdlhome.fr\/index.php\/accueil\/contact\/\" \/>\n<meta property=\"og:locale\" content=\"fr_FR\" \/>\n<meta property=\"og:type\" content=\"article\" \/>\n<meta property=\"og:title\" content=\"Contact CDL HOME\" \/>\n<meta property=\"og:description\" content=\"Nous aimerions vous conna\u00eetre. Alors n&rsquo;h\u00e9sitez pas, installez vous et prenez le temps de nous \u00e9crire. Nous serions ravis de vous r\u00e9pondre et vous rencontrer afin de r\u00e9pondre \u00e0 vos besoins&#8230;\" \/>\n<meta property=\"og:url\" content=\"https:\/\/www.cdlhome.fr\/index.php\/accueil\/contact\/\" \/>\n<meta property=\"og:site_name\" content=\"CDL HOME\" \/>\n<meta property=\"article:modified_time\" content=\"2021-04-21T18:30:56+00:00\" \/>\n<meta property=\"og:image\" content=\"https:\/\/www.cdlhome.fr\/wp-content\/uploads\/elementor\/thumbs\/contact-1-p61g9ocrfvk5bga6nh02696lyi384nyluvxx2ewpfc.jpg\" \/>\n<meta name=\"twitter:card\" content=\"summary_large_image\" \/>\n<meta name=\"twitter:label1\" content=\"Dur\u00e9e de lecture estim\u00e9e\" \/>\n\t<meta name=\"twitter:data1\" content=\"1 minute\" \/>\n<script type=\"application\/ld+json\" class=\"yoast-schema-graph\">{\"@context\":\"https:\/\/schema.org\",\"@graph\":[{\"@type\":\"WebSite\",\"@id\":\"https:\/\/www.cdlhome.fr\/#website\",\"url\":\"https:\/\/www.cdlhome.fr\/\",\"name\":\"CDL HOME\",\"description\":\"SOURCING MEUBLE DECO INDONESIE\",\"potentialAction\":[{\"@type\":\"SearchAction\",\"target\":{\"@type\":\"EntryPoint\",\"urlTemplate\":\"https:\/\/www.cdlhome.fr\/?s={search_term_string}\"},\"query-input\":\"required name=search_term_string\"}],\"inLanguage\":\"fr-FR\"},{\"@type\":\"ImageObject\",\"@id\":\"https:\/\/www.cdlhome.fr\/index.php\/accueil\/contact\/#primaryimage\",\"inLanguage\":\"fr-FR\",\"url\":\"https:\/\/www.cdlhome.fr\/wp-content\/uploads\/elementor\/thumbs\/contact-1-p61g9ocrfvk5bga6nh02696lyi384nyluvxx2ewpfc.jpg\",\"contentUrl\":\"https:\/\/www.cdlhome.fr\/wp-content\/uploads\/elementor\/thumbs\/contact-1-p61g9ocrfvk5bga6nh02696lyi384nyluvxx2ewpfc.jpg\"},{\"@type\":\"WebPage\",\"@id\":\"https:\/\/www.cdlhome.fr\/index.php\/accueil\/contact\/#webpage\",\"url\":\"https:\/\/www.cdlhome.fr\/index.php\/accueil\/contact\/\",\"name\":\"Contact CDL HOME\",\"isPartOf\":{\"@id\":\"https:\/\/www.cdlhome.fr\/#website\"},\"primaryImageOfPage\":{\"@id\":\"https:\/\/www.cdlhome.fr\/index.php\/accueil\/contact\/#primaryimage\"},\"datePublished\":\"2021-04-21T09:01:12+00:00\",\"dateModified\":\"2021-04-21T18:30:56+00:00\",\"breadcrumb\":{\"@id\":\"https:\/\/www.cdlhome.fr\/index.php\/accueil\/contact\/#breadcrumb\"},\"inLanguage\":\"fr-FR\",\"potentialAction\":[{\"@type\":\"ReadAction\",\"target\":[\"https:\/\/www.cdlhome.fr\/index.php\/accueil\/contact\/\"]}]},{\"@type\":\"BreadcrumbList\",\"@id\":\"https:\/\/www.cdlhome.fr\/index.php\/accueil\/contact\/#breadcrumb\",\"itemListElement\":[{\"@type\":\"ListItem\",\"position\":1,\"name\":\"Accueil\",\"item\":\"https:\/\/www.cdlhome.fr\/\"},{\"@type\":\"ListItem\",\"position\":2,\"name\":\"Accueil\",\"item\":\"https:\/\/www.cdlhome.fr\/\"},{\"@type\":\"ListItem\",\"position\":3,\"name\":\"Contact\"}]}]}<\/script>\n<!-- \/ Yoast SEO plugin. -->","yoast_head_json":{"title":"Contact CDL HOME","robots":{"index":"index","follow":"follow","max-snippet":"max-snippet:-1","max-image-preview":"max-image-preview:large","max-video-preview":"max-video-preview:-1"},"canonical":"https:\/\/www.cdlhome.fr\/index.php\/accueil\/contact\/","og_locale":"fr_FR","og_type":"article","og_title":"Contact CDL HOME","og_description":"Nous aimerions vous conna\u00eetre. Alors n&rsquo;h\u00e9sitez pas, installez vous et prenez le temps de nous \u00e9crire. Nous serions ravis de vous r\u00e9pondre et vous rencontrer afin de r\u00e9pondre \u00e0 vos besoins&#8230;","og_url":"https:\/\/www.cdlhome.fr\/index.php\/accueil\/contact\/","og_site_name":"CDL HOME","article_modified_time":"2021-04-21T18:30:56+00:00","og_image":[{"url":"https:\/\/www.cdlhome.fr\/wp-content\/uploads\/elementor\/thumbs\/contact-1-p61g9ocrfvk5bga6nh02696lyi384nyluvxx2ewpfc.jpg"}],"twitter_card":"summary_large_image","twitter_misc":{"Dur\u00e9e de lecture estim\u00e9e":"1 minute"},"schema":{"@context":"https:\/\/schema.org","@graph":[{"@type":"WebSite","@id":"https:\/\/www.cdlhome.fr\/#website","url":"https:\/\/www.cdlhome.fr\/","name":"CDL HOME","description":"SOURCING MEUBLE DECO INDONESIE","potentialAction":[{"@type":"SearchAction","target":{"@type":"EntryPoint","urlTemplate":"https:\/\/www.cdlhome.fr\/?s={search_term_string}"},"query-input":"required name=search_term_string"}],"inLanguage":"fr-FR"},{"@type":"ImageObject","@id":"https:\/\/www.cdlhome.fr\/index.php\/accueil\/contact\/#primaryimage","inLanguage":"fr-FR","url":"https:\/\/www.cdlhome.fr\/wp-content\/uploads\/elementor\/thumbs\/contact-1-p61g9ocrfvk5bga6nh02696lyi384nyluvxx2ewpfc.jpg","contentUrl":"https:\/\/www.cdlhome.fr\/wp-content\/uploads\/elementor\/thumbs\/contact-1-p61g9ocrfvk5bga6nh02696lyi384nyluvxx2ewpfc.jpg"},{"@type":"WebPage","@id":"https:\/\/www.cdlhome.fr\/index.php\/accueil\/contact\/#webpage","url":"https:\/\/www.cdlhome.fr\/index.php\/accueil\/contact\/","name":"Contact CDL HOME","isPartOf":{"@id":"https:\/\/www.cdlhome.fr\/#website"},"primaryImageOfPage":{"@id":"https:\/\/www.cdlhome.fr\/index.php\/accueil\/contact\/#primaryimage"},"datePublished":"2021-04-21T09:01:12+00:00","dateModified":"2021-04-21T18:30:56+00:00","breadcrumb":{"@id":"https:\/\/www.cdlhome.fr\/index.php\/accueil\/contact\/#breadcrumb"},"inLanguage":"fr-FR","potentialAction":[{"@type":"ReadAction","target":["https:\/\/www.cdlhome.fr\/index.php\/accueil\/contact\/"]}]},{"@type":"BreadcrumbList","@id":"https:\/\/www.cdlhome.fr\/index.php\/accueil\/contact\/#breadcrumb","itemListElement":[{"@type":"ListItem","position":1,"name":"Accueil","item":"https:\/\/www.cdlhome.fr\/"},{"@type":"ListItem","position":2,"name":"Accueil","item":"https:\/\/www.cdlhome.fr\/"},{"@type":"ListItem","position":3,"name":"Contact"}]}]}},"jetpack-related-posts":[],"_links":{"self":[{"href":"https:\/\/www.cdlhome.fr\/index.php\/wp-json\/wp\/v2\/pages\/304"}],"collection":[{"href":"https:\/\/www.cdlhome.fr\/index.php\/wp-json\/wp\/v2\/pages"}],"about":[{"href":"https:\/\/www.cdlhome.fr\/index.php\/wp-json\/wp\/v2\/types\/page"}],"author":[{"embeddable":true,"href":"https:\/\/www.cdlhome.fr\/index.php\/wp-json\/wp\/v2\/users\/1"}],"replies":[{"embeddable":true,"href":"https:\/\/www.cdlhome.fr\/index.php\/wp-json\/wp\/v2\/comments?post=304"}],"version-history":[{"count":28,"href":"https:\/\/www.cdlhome.fr\/index.php\/wp-json\/wp\/v2\/pages\/304\/revisions"}],"predecessor-version":[{"id":369,"href":"https:\/\/www.cdlhome.fr\/index.php\/wp-json\/wp\/v2\/pages\/304\/revisions\/369"}],"up":[{"embeddable":true,"href":"https:\/\/www.cdlhome.fr\/index.php\/wp-json\/wp\/v2\/pages\/52"}],"wp:attachment":[{"href":"https:\/\/www.cdlhome.fr\/index.php\/wp-json\/wp\/v2\/media?parent=304"}],"curies":[{"name":"wp","href":"https:\/\/api.w.org\/{rel}","templated":true}]}}