{"id":52,"date":"2021-04-07T13:13:31","date_gmt":"2021-04-07T11:13:31","guid":{"rendered":"https:\/\/www.cdlhome.fr\/?page_id=52"},"modified":"2022-02-02T12:34:58","modified_gmt":"2022-02-02T11:34:58","slug":"accueil","status":"publish","type":"page","link":"https:\/\/www.cdlhome.fr\/","title":{"rendered":"Accueil"},"content":{"rendered":"\t\t<div data-elementor-type=\"wp-page\" data-elementor-id=\"52\" class=\"elementor elementor-52\">\n\t\t\t\t\t\t\t\t\t<section class=\"elementor-section elementor-top-section elementor-element elementor-element-7f33545c elementor-section-height-min-height elementor-section-items-bottom elementor-section-stretched elementor-section-boxed elementor-section-height-default\" data-id=\"7f33545c\" data-element_type=\"section\" data-settings=\"{&quot;background_background&quot;:&quot;classic&quot;,&quot;stretch_section&quot;:&quot;section-stretched&quot;,&quot;shape_divider_top&quot;:&quot;opacity-fan&quot;}\">\n\t\t\t\t\t<div class=\"elementor-shape elementor-shape-top\" data-negative=\"false\">\n\t\t\t<svg xmlns=\"http:\/\/www.w3.org\/2000\/svg\" viewBox=\"0 0 283.5 19.6\" preserveAspectRatio=\"none\">\n\t<path class=\"elementor-shape-fill\" style=\"opacity:0.33\" d=\"M0 0L0 18.8 141.8 4.1 283.5 18.8 283.5 0z\"\/>\n\t<path class=\"elementor-shape-fill\" style=\"opacity:0.33\" d=\"M0 0L0 12.6 141.8 4 283.5 12.6 283.5 0z\"\/>\n\t<path class=\"elementor-shape-fill\" style=\"opacity:0.33\" d=\"M0 0L0 6.4 141.8 4 283.5 6.4 283.5 0z\"\/>\n\t<path class=\"elementor-shape-fill\" d=\"M0 0L0 1.2 141.8 4 283.5 1.2 283.5 0z\"\/>\n<\/svg>\t\t<\/div>\n\t\t\t\t\t<div class=\"elementor-container elementor-column-gap-no\">\n\t\t\t\t\t\t\t\t<\/div>\n\t\t<\/section>\n\t\t\t\t<section class=\"elementor-section elementor-top-section elementor-element elementor-element-ee94405 elementor-section-stretched elementor-section-boxed elementor-section-height-default elementor-section-height-default\" data-id=\"ee94405\" data-element_type=\"section\" data-settings=\"{&quot;stretch_section&quot;:&quot;section-stretched&quot;,&quot;background_background&quot;:&quot;classic&quot;,&quot;animation&quot;:&quot;none&quot;}\">\n\t\t\t\t\t\t<div class=\"elementor-container elementor-column-gap-no\">\n\t\t\t\t\t<div class=\"elementor-column elementor-col-100 elementor-top-column elementor-element elementor-element-381e691\" data-id=\"381e691\" data-element_type=\"column\">\n\t\t\t<div class=\"elementor-widget-wrap elementor-element-populated\">\n\t\t\t\t\t\t\t\t<div class=\"elementor-element elementor-element-df85751 elementor-widget elementor-widget-text-editor\" data-id=\"df85751\" data-element_type=\"widget\" data-widget_type=\"text-editor.default\">\n\t\t\t\t<div class=\"elementor-widget-container\">\n\t\t\t\t\t\t\t<p><b><i>Votre partenaire sourcing France &#8211; Indon\u00e9sie.<\/i><\/b><\/p>\n<p><b><i>Sp\u00e9cialis\u00e9 en D\u00e9coration, mobilier int\u00e9rieur et ext\u00e9rieur de maison.<\/i><\/b><\/p>\t\t\t\t\t\t<\/div>\n\t\t\t\t<\/div>\n\t\t\t\t\t<\/div>\n\t\t<\/div>\n\t\t\t\t\t\t\t<\/div>\n\t\t<\/section>\n\t\t\t\t<section class=\"elementor-section elementor-top-section elementor-element elementor-element-6140b4df elementor-section-stretched elementor-section-boxed elementor-section-height-default elementor-section-height-default\" data-id=\"6140b4df\" data-element_type=\"section\" data-settings=\"{&quot;stretch_section&quot;:&quot;section-stretched&quot;}\">\n\t\t\t\t\t\t<div class=\"elementor-container elementor-column-gap-default\">\n\t\t\t\t\t<div class=\"elementor-column elementor-col-100 elementor-top-column elementor-element elementor-element-19b2ebb\" data-id=\"19b2ebb\" data-element_type=\"column\">\n\t\t\t<div class=\"elementor-widget-wrap elementor-element-populated\">\n\t\t\t\t\t\t\t\t<div class=\"elementor-element elementor-element-07e1dc4 elementor-invisible elementor-widget elementor-widget-text-editor\" data-id=\"07e1dc4\" data-element_type=\"widget\" data-settings=\"{&quot;_animation&quot;:&quot;rollIn&quot;}\" data-widget_type=\"text-editor.default\">\n\t\t\t\t<div class=\"elementor-widget-container\">\n\t\t\t\t\t\t\t<h2 class=\"font_2\" style=\"margin-bottom: 0px; border: 0px; outline: 0px; vertical-align: baseline; background: transparent; pointer-events: auto; font-size: 30px; line-height: normal; color: #056d76;\"><span style=\"margin: 0px; padding: 0px; border: 0px; outline: 0px; vertical-align: baseline; background: transparent; color: #8b7858;\"><span style=\"margin: 0px; padding: 0px; border: 0px; outline: 0px; vertical-align: baseline; background: transparent; font-family: wfont_586228_e21a92b81e114001bdc3e1fd7e59d430, wf_e21a92b81e114001bdc3e1fd7, orig_quandoregular;\">Faciliter, optimiser et s\u00e9curiser l\u2019approvisionnement de vos collections.<\/span><\/span><\/h2>\t\t\t\t\t\t<\/div>\n\t\t\t\t<\/div>\n\t\t\t\t\t<\/div>\n\t\t<\/div>\n\t\t\t\t\t\t\t<\/div>\n\t\t<\/section>\n\t\t\t\t<section class=\"elementor-section elementor-top-section elementor-element elementor-element-6d9f3791 elementor-section-content-middle elementor-section-stretched elementor-section-boxed elementor-section-height-default elementor-section-height-default\" data-id=\"6d9f3791\" data-element_type=\"section\" data-settings=\"{&quot;stretch_section&quot;:&quot;section-stretched&quot;}\">\n\t\t\t\t\t\t<div class=\"elementor-container elementor-column-gap-default\">\n\t\t\t\t\t<div class=\"elementor-column elementor-col-50 elementor-top-column elementor-element elementor-element-2520a85e\" data-id=\"2520a85e\" data-element_type=\"column\" data-settings=\"{&quot;background_background&quot;:&quot;classic&quot;}\">\n\t\t\t<div class=\"elementor-widget-wrap elementor-element-populated\">\n\t\t\t\t\t\t\t\t<div class=\"elementor-element elementor-element-bb32ea8 elementor-invisible elementor-widget elementor-widget-image\" data-id=\"bb32ea8\" data-element_type=\"widget\" data-settings=\"{&quot;_animation&quot;:&quot;fadeInLeft&quot;}\" data-widget_type=\"image.default\">\n\t\t\t\t<div class=\"elementor-widget-container\">\n\t\t\t\t\t\t\t\t\t\t\t\t\t\t\t<img width=\"525\" height=\"350\" src=\"https:\/\/i1.wp.com\/www.cdlhome.fr\/wp-content\/uploads\/2021\/04\/interieur-1.jpg?fit=525%2C350&amp;ssl=1\" class=\"attachment-large size-large wp-image-107\" alt=\"\" loading=\"lazy\" srcset=\"https:\/\/i1.wp.com\/www.cdlhome.fr\/wp-content\/uploads\/2021\/04\/interieur-1.jpg?w=900&amp;ssl=1 900w, https:\/\/i1.wp.com\/www.cdlhome.fr\/wp-content\/uploads\/2021\/04\/interieur-1.jpg?resize=300%2C200&amp;ssl=1 300w, https:\/\/i1.wp.com\/www.cdlhome.fr\/wp-content\/uploads\/2021\/04\/interieur-1.jpg?resize=768%2C512&amp;ssl=1 768w\" sizes=\"100vw\" \/>\t\t\t\t\t\t\t\t\t\t\t\t\t\t\t<\/div>\n\t\t\t\t<\/div>\n\t\t\t\t\t<\/div>\n\t\t<\/div>\n\t\t\t\t<div class=\"elementor-column elementor-col-50 elementor-top-column elementor-element elementor-element-18c90a83\" data-id=\"18c90a83\" data-element_type=\"column\">\n\t\t\t<div class=\"elementor-widget-wrap elementor-element-populated\">\n\t\t\t\t\t\t\t\t<div class=\"elementor-element elementor-element-f6d166f elementor-invisible elementor-widget elementor-widget-text-editor\" data-id=\"f6d166f\" data-element_type=\"widget\" data-settings=\"{&quot;_animation&quot;:&quot;fadeInRight&quot;}\" data-widget_type=\"text-editor.default\">\n\t\t\t\t<div class=\"elementor-widget-container\">\n\t\t\t\t\t\t\t<p class=\"font_7\" style=\"margin-bottom: 0px; border: 0px; outline: 0px; vertical-align: baseline; background: transparent; pointer-events: auto; font-size: 18px; line-height: normal; color: #000000; text-align: justify;\"><span style=\"margin: 0px; padding: 0px; border: 0px; outline: 0px; vertical-align: baseline; background: transparent;\"><span style=\"margin: 0px; padding: 0px; border: 0px; outline: 0px; vertical-align: baseline; background: transparent; font-family: brandon-grot-w01-light, sans-serif;\">Bas\u00e9 \u00e0 Lille, Bali &amp; Jakarta, notre \u00e9quipe d\u2019experts en sourcing d\u00e9coration, est directement au c\u0153ur des centres de production pour vous accompagner dans l&rsquo;approvisionnement de vos collections, du d\u00e9veloppement produit \u00e0 la livraison.<\/span><\/span><\/p>\n<p class=\"font_7\" style=\"margin-bottom: 0px; border: 0px; outline: 0px; vertical-align: baseline; background: transparent; pointer-events: auto; font-size: 18px; line-height: normal; color: #000000; text-align: justify;\"><span style=\"margin: 0px; padding: 0px; border: 0px; outline: 0px; vertical-align: baseline; background: transparent;\"><span style=\"margin: 0px; padding: 0px; border: 0px; outline: 0px; vertical-align: baseline; background: transparent; font-family: brandon-grot-w01-light, sans-serif;\">&nbsp;<\/span><\/span><\/p>\n<p class=\"font_7\" style=\"margin-bottom: 0px; border: 0px; outline: 0px; vertical-align: baseline; background: transparent; pointer-events: auto; font-size: 18px; line-height: normal; color: #000000; text-align: justify;\"><span style=\"margin: 0px; padding: 0px; border: 0px; outline: 0px; vertical-align: baseline; background: transparent;\"><span style=\"margin: 0px; padding: 0px; border: 0px; outline: 0px; vertical-align: baseline; background: transparent; font-family: brandon-grot-w01-light, sans-serif;\">Gr\u00e2ce \u00e0 notre r\u00e9seau d\u2019usines de confiance, nous nous engageons \u00e0 vous proposer des produits de qualit\u00e9, tendances, comp\u00e9titifs et livr\u00e9s dans les temps.&nbsp;<\/span><\/span><\/p>\n<p class=\"font_7\" style=\"margin-bottom: 0px; border: 0px; outline: 0px; vertical-align: baseline; background: transparent; pointer-events: auto; font-size: 18px; line-height: normal; color: #000000; text-align: justify;\"><span style=\"margin: 0px; padding: 0px; border: 0px; outline: 0px; vertical-align: baseline; background: transparent;\"><span style=\"margin: 0px; padding: 0px; border: 0px; outline: 0px; vertical-align: baseline; background: transparent; font-family: brandon-grot-w01-light, sans-serif;\">&nbsp;<\/span><\/span><\/p>\n<p class=\"font_7\" style=\"margin-bottom: 0px; border: 0px; outline: 0px; vertical-align: baseline; background: transparent; pointer-events: auto; font-size: 18px; line-height: normal; color: #000000; text-align: justify;\"><span style=\"margin: 0px; padding: 0px; border: 0px; outline: 0px; vertical-align: baseline; background: transparent;\"><span style=\"margin: 0px; padding: 0px; border: 0px; outline: 0px; vertical-align: baseline; background: transparent; font-family: brandon-grot-w01-light, sans-serif;\">Le sourcing fournisseur vous prend trop de temps et de ressources !!!<\/span><\/span><\/p>\n<p class=\"font_7\" style=\"margin-bottom: 0px; border: 0px; outline: 0px; vertical-align: baseline; background: transparent; pointer-events: auto; font-size: 18px; line-height: normal; color: #000000; text-align: justify;\">\n<\/p><p class=\"font_7\" style=\"margin-bottom: 0px; border: 0px; outline: 0px; vertical-align: baseline; background: transparent; pointer-events: auto; font-size: 18px; line-height: normal; color: #000000; text-align: justify;\"><span style=\"margin: 0px; padding: 0px; border: 0px; outline: 0px; vertical-align: baseline; background: transparent;\"><span style=\"margin: 0px; padding: 0px; border: 0px; outline: 0px; vertical-align: baseline; background: transparent; font-family: brandon-grot-w01-light, sans-serif;\">Concentrez-vous pleinement \u00e0 la promotion de vos produits, nous nous occupons de n\u00e9gocier avec les usines et \u00ab d\u00e9nicher \u00bb le produit de demain.<\/span><\/span><\/p>\t\t\t\t\t\t<\/div>\n\t\t\t\t<\/div>\n\t\t\t\t\t<\/div>\n\t\t<\/div>\n\t\t\t\t\t\t\t<\/div>\n\t\t<\/section>\n\t\t\t\t<section class=\"elementor-section elementor-top-section elementor-element elementor-element-6dcb18f elementor-section-stretched elementor-section-boxed elementor-section-height-default elementor-section-height-default\" data-id=\"6dcb18f\" data-element_type=\"section\" data-settings=\"{&quot;stretch_section&quot;:&quot;section-stretched&quot;}\">\n\t\t\t\t\t\t<div class=\"elementor-container elementor-column-gap-default\">\n\t\t\t\t\t<div class=\"elementor-column elementor-col-100 elementor-top-column elementor-element elementor-element-57f3ffe\" data-id=\"57f3ffe\" data-element_type=\"column\">\n\t\t\t<div class=\"elementor-widget-wrap elementor-element-populated\">\n\t\t\t\t\t\t\t\t<div class=\"elementor-element elementor-element-6ac066a elementor-widget elementor-widget-text-editor\" data-id=\"6ac066a\" data-element_type=\"widget\" data-widget_type=\"text-editor.default\">\n\t\t\t\t<div class=\"elementor-widget-container\">\n\t\t\t\t\t\t\t<h2 class=\"font_2\" style=\"margin-bottom: 0px; border: 0px; outline: 0px; vertical-align: baseline; background: transparent; pointer-events: auto; font-size: 30px; line-height: normal; color: #056d76;\"><span style=\"margin: 0px; padding: 0px; border: 0px; outline: 0px; vertical-align: baseline; background: transparent; color: #8b7858;\"><span style=\"margin: 0px; padding: 0px; border: 0px; outline: 0px; vertical-align: baseline; background: transparent; font-family: wfont_586228_e21a92b81e114001bdc3e1fd7e59d430, wf_e21a92b81e114001bdc3e1fd7, orig_quandoregular;\">Nos solutions.<\/span><\/span><\/h2>\t\t\t\t\t\t<\/div>\n\t\t\t\t<\/div>\n\t\t\t\t\t<\/div>\n\t\t<\/div>\n\t\t\t\t\t\t\t<\/div>\n\t\t<\/section>\n\t\t\t\t<section class=\"elementor-section elementor-top-section elementor-element elementor-element-7210d6c7 elementor-section-height-min-height elementor-section-items-stretch elementor-section-content-middle elementor-section-stretched elementor-section-boxed elementor-section-height-default\" data-id=\"7210d6c7\" data-element_type=\"section\" data-settings=\"{&quot;stretch_section&quot;:&quot;section-stretched&quot;}\">\n\t\t\t\t\t\t<div class=\"elementor-container elementor-column-gap-default\">\n\t\t\t\t\t<div class=\"elementor-column elementor-col-33 elementor-top-column elementor-element elementor-element-487592eb elementor-invisible\" data-id=\"487592eb\" data-element_type=\"column\" data-settings=\"{&quot;background_background&quot;:&quot;classic&quot;,&quot;animation&quot;:&quot;fadeInDown&quot;}\">\n\t\t\t<div class=\"elementor-widget-wrap elementor-element-populated\">\n\t\t\t\t\t\t\t\t<div class=\"elementor-element elementor-element-72e0ef5f elementor-widget elementor-widget-heading\" data-id=\"72e0ef5f\" data-element_type=\"widget\" data-widget_type=\"heading.default\">\n\t\t\t\t<div class=\"elementor-widget-container\">\n\t\t\t<h3 class=\"elementor-heading-title elementor-size-large\">Trouver le produit de demain<\/h3>\t\t<\/div>\n\t\t\t\t<\/div>\n\t\t\t\t<div class=\"elementor-element elementor-element-1fc333d0 elementor-widget elementor-widget-text-editor\" data-id=\"1fc333d0\" data-element_type=\"widget\" data-widget_type=\"text-editor.default\">\n\t\t\t\t<div class=\"elementor-widget-container\">\n\t\t\t\t\t\t\t<p class=\"font_8\">Garantir un produit \u00e0 fort potentiel ! Nous \u00e9tudions les tendances &amp; d\u00e9veloppons notre propre moodboard.<\/p><p class=\"font_8\"><span class=\"wixGuard\">\u200b<\/span>Nous visitons ensuite nos usines et s\u00e9lectionnons les produits de demain.<\/p>\t\t\t\t\t\t<\/div>\n\t\t\t\t<\/div>\n\t\t\t\t\t<\/div>\n\t\t<\/div>\n\t\t\t\t<div class=\"elementor-column elementor-col-33 elementor-top-column elementor-element elementor-element-5b2bcfd8 elementor-invisible\" data-id=\"5b2bcfd8\" data-element_type=\"column\" data-settings=\"{&quot;background_background&quot;:&quot;classic&quot;,&quot;animation&quot;:&quot;fadeInUp&quot;}\">\n\t\t\t<div class=\"elementor-widget-wrap elementor-element-populated\">\n\t\t\t\t\t\t\t\t<div class=\"elementor-element elementor-element-328d7322 elementor-widget elementor-widget-heading\" data-id=\"328d7322\" data-element_type=\"widget\" data-widget_type=\"heading.default\">\n\t\t\t\t<div class=\"elementor-widget-container\">\n\t\t\t<h3 class=\"elementor-heading-title elementor-size-large\">Optimisez vos marges<\/h3>\t\t<\/div>\n\t\t\t\t<\/div>\n\t\t\t\t<div class=\"elementor-element elementor-element-1f605dee elementor-widget elementor-widget-text-editor\" data-id=\"1f605dee\" data-element_type=\"widget\" data-widget_type=\"text-editor.default\">\n\t\t\t\t<div class=\"elementor-widget-container\">\n\t\t\t\t\t\t\t<p class=\"font_7\">R\u00e9duisez vos co\u00fbts d&rsquo;approvisionnements, optimisez vos marges.<\/p><p class=\"font_7\">Nous comparons &amp; mettons en concurrence nos fournisseurs \u00ab partenaires \u00bb afin de vous obtenir les meilleurs conditions d&rsquo;achat.<\/p>\t\t\t\t\t\t<\/div>\n\t\t\t\t<\/div>\n\t\t\t\t\t<\/div>\n\t\t<\/div>\n\t\t\t\t<div class=\"elementor-column elementor-col-33 elementor-top-column elementor-element elementor-element-496d7ce3 elementor-invisible\" data-id=\"496d7ce3\" data-element_type=\"column\" data-settings=\"{&quot;background_background&quot;:&quot;classic&quot;,&quot;animation&quot;:&quot;fadeInDown&quot;}\">\n\t\t\t<div class=\"elementor-widget-wrap elementor-element-populated\">\n\t\t\t\t\t\t\t\t<div class=\"elementor-element elementor-element-2364df58 elementor-widget elementor-widget-heading\" data-id=\"2364df58\" data-element_type=\"widget\" data-widget_type=\"heading.default\">\n\t\t\t\t<div class=\"elementor-widget-container\">\n\t\t\t<h3 class=\"elementor-heading-title elementor-size-large\">S\u00e9curisez vos approvisionnements<\/h3>\t\t<\/div>\n\t\t\t\t<\/div>\n\t\t\t\t<div class=\"elementor-element elementor-element-c70a918 elementor-widget elementor-widget-text-editor\" data-id=\"c70a918\" data-element_type=\"widget\" data-widget_type=\"text-editor.default\">\n\t\t\t\t<div class=\"elementor-widget-container\">\n\t\t\t\t\t\t\t<section id=\"comp-kl0p8krl\">\n<div class=\"_3BQmz\" data-testid=\"columns\">\n<div id=\"comp-kl0p9ecm\" class=\"_1HpZ_\">\n<div class=\"\" data-mesh-id=\"comp-kl0p9ecminlineContent\" data-testid=\"inline-content\">\n<div data-mesh-id=\"comp-kl0p9ecminlineContent-gridContainer\" data-testid=\"mesh-container-content\">\n<div id=\"comp-kl0phv64\" class=\"_1Z_nJ\" data-testid=\"richTextElement\">\n<p class=\"font_7\">Tout au long de la production, nous visitons l&rsquo;usine.<\/p><p class=\"font_7\">Nous v\u00e9rifions la qualit\u00e9 de la fabrication en cours et nous assurons du respect du planning et cahier des charges de production<\/p>\n<\/div>\n<\/div>\n<\/div>\n<\/div>\n<\/div>\n<\/section>\t\t\t\t\t\t<\/div>\n\t\t\t\t<\/div>\n\t\t\t\t\t<\/div>\n\t\t<\/div>\n\t\t\t\t\t\t\t<\/div>\n\t\t<\/section>\n\t\t\t\t\t\t\t<\/div>\n\t\t","protected":false},"excerpt":{"rendered":"<p>Votre partenaire sourcing France &#8211; Indon\u00e9sie. Sp\u00e9cialis\u00e9 en D\u00e9coration, mobilier int\u00e9rieur et ext\u00e9rieur de maison. Faciliter, optimiser et s\u00e9curiser l\u2019approvisionnement de vos collections. Bas\u00e9 \u00e0 Lille, Bali &amp; Jakarta, notre \u00e9quipe d\u2019experts en sourcing d\u00e9coration, est directement au c\u0153ur des centres de production pour vous accompagner dans l&rsquo;approvisionnement de vos collections, du d\u00e9veloppement produit \u00e0 &hellip; <\/p>\n<p class=\"link-more\"><a href=\"https:\/\/www.cdlhome.fr\/\" class=\"more-link\">Continuer la lecture<span class=\"screen-reader-text\"> de &laquo;&nbsp;Accueil&nbsp;&raquo;<\/span><\/a><\/p>\n","protected":false},"author":1,"featured_media":0,"parent":0,"menu_order":0,"comment_status":"closed","ping_status":"closed","template":"","meta":{"spay_email":""},"yoast_head":"<!-- This site is optimized with the Yoast SEO plugin v18.0 - https:\/\/yoast.com\/wordpress\/plugins\/seo\/ -->\n<title>CDLHOME SOURCING MEUBLE DECO INDONESIE- BALI - JAVA<\/title>\n<meta name=\"description\" content=\"Soci\u00e9t\u00e9 sp\u00e9cialis\u00e9e dans le sourcing et le suivi de fabrication en Indon\u00e9sie de d\u00e9coration et de mobilier int\u00e9rieur\/ext\u00e9rieur.\" \/>\n<meta name=\"robots\" content=\"index, follow, max-snippet:-1, max-image-preview:large, max-video-preview:-1\" \/>\n<link rel=\"canonical\" href=\"https:\/\/www.cdlhome.fr\/\" \/>\n<meta property=\"og:locale\" content=\"fr_FR\" \/>\n<meta property=\"og:type\" content=\"article\" \/>\n<meta property=\"og:title\" content=\"CDLHOME SOURCING MEUBLE DECO INDONESIE- BALI - JAVA\" \/>\n<meta property=\"og:description\" content=\"Soci\u00e9t\u00e9 sp\u00e9cialis\u00e9e dans le sourcing et le suivi de fabrication en Indon\u00e9sie de d\u00e9coration et de mobilier int\u00e9rieur\/ext\u00e9rieur.\" \/>\n<meta property=\"og:url\" content=\"https:\/\/www.cdlhome.fr\/\" \/>\n<meta property=\"og:site_name\" content=\"CDL HOME\" \/>\n<meta property=\"article:modified_time\" content=\"2022-02-02T11:34:58+00:00\" \/>\n<meta property=\"og:image\" content=\"https:\/\/www.cdlhome.fr\/wp-content\/uploads\/2021\/04\/interieur-1.jpg\" \/>\n<meta name=\"twitter:card\" content=\"summary_large_image\" \/>\n<meta name=\"twitter:label1\" content=\"Dur\u00e9e de lecture estim\u00e9e\" \/>\n\t<meta name=\"twitter:data1\" content=\"2 minutes\" \/>\n<script type=\"application\/ld+json\" class=\"yoast-schema-graph\">{\"@context\":\"https:\/\/schema.org\",\"@graph\":[{\"@type\":\"WebSite\",\"@id\":\"https:\/\/www.cdlhome.fr\/#website\",\"url\":\"https:\/\/www.cdlhome.fr\/\",\"name\":\"CDL HOME\",\"description\":\"SOURCING MEUBLE DECO INDONESIE\",\"potentialAction\":[{\"@type\":\"SearchAction\",\"target\":{\"@type\":\"EntryPoint\",\"urlTemplate\":\"https:\/\/www.cdlhome.fr\/?s={search_term_string}\"},\"query-input\":\"required name=search_term_string\"}],\"inLanguage\":\"fr-FR\"},{\"@type\":\"ImageObject\",\"@id\":\"https:\/\/www.cdlhome.fr\/#primaryimage\",\"inLanguage\":\"fr-FR\",\"url\":\"https:\/\/i1.wp.com\/www.cdlhome.fr\/wp-content\/uploads\/2021\/04\/interieur-1.jpg?fit=900%2C600&ssl=1\",\"contentUrl\":\"https:\/\/i1.wp.com\/www.cdlhome.fr\/wp-content\/uploads\/2021\/04\/interieur-1.jpg?fit=900%2C600&ssl=1\",\"width\":900,\"height\":600},{\"@type\":\"WebPage\",\"@id\":\"https:\/\/www.cdlhome.fr\/#webpage\",\"url\":\"https:\/\/www.cdlhome.fr\/\",\"name\":\"CDLHOME SOURCING MEUBLE DECO INDONESIE- BALI - JAVA\",\"isPartOf\":{\"@id\":\"https:\/\/www.cdlhome.fr\/#website\"},\"primaryImageOfPage\":{\"@id\":\"https:\/\/www.cdlhome.fr\/#primaryimage\"},\"datePublished\":\"2021-04-07T11:13:31+00:00\",\"dateModified\":\"2022-02-02T11:34:58+00:00\",\"description\":\"Soci\u00e9t\u00e9 sp\u00e9cialis\u00e9e dans le sourcing et le suivi de fabrication en Indon\u00e9sie de d\u00e9coration et de mobilier int\u00e9rieur\/ext\u00e9rieur.\",\"breadcrumb\":{\"@id\":\"https:\/\/www.cdlhome.fr\/#breadcrumb\"},\"inLanguage\":\"fr-FR\",\"potentialAction\":[{\"@type\":\"ReadAction\",\"target\":[\"https:\/\/www.cdlhome.fr\/\"]}]},{\"@type\":\"BreadcrumbList\",\"@id\":\"https:\/\/www.cdlhome.fr\/#breadcrumb\",\"itemListElement\":[{\"@type\":\"ListItem\",\"position\":1,\"name\":\"Accueil\",\"item\":\"https:\/\/www.cdlhome.fr\/\"},{\"@type\":\"ListItem\",\"position\":2,\"name\":\"Accueil\"}]}]}<\/script>\n<!-- \/ Yoast SEO plugin. -->","yoast_head_json":{"title":"CDLHOME SOURCING MEUBLE DECO INDONESIE- BALI - JAVA","description":"Soci\u00e9t\u00e9 sp\u00e9cialis\u00e9e dans le sourcing et le suivi de fabrication en Indon\u00e9sie de d\u00e9coration et de mobilier int\u00e9rieur\/ext\u00e9rieur.","robots":{"index":"index","follow":"follow","max-snippet":"max-snippet:-1","max-image-preview":"max-image-preview:large","max-video-preview":"max-video-preview:-1"},"canonical":"https:\/\/www.cdlhome.fr\/","og_locale":"fr_FR","og_type":"article","og_title":"CDLHOME SOURCING MEUBLE DECO INDONESIE- BALI - JAVA","og_description":"Soci\u00e9t\u00e9 sp\u00e9cialis\u00e9e dans le sourcing et le suivi de fabrication en Indon\u00e9sie de d\u00e9coration et de mobilier int\u00e9rieur\/ext\u00e9rieur.","og_url":"https:\/\/www.cdlhome.fr\/","og_site_name":"CDL HOME","article_modified_time":"2022-02-02T11:34:58+00:00","og_image":[{"url":"https:\/\/www.cdlhome.fr\/wp-content\/uploads\/2021\/04\/interieur-1.jpg"}],"twitter_card":"summary_large_image","twitter_misc":{"Dur\u00e9e de lecture estim\u00e9e":"2 minutes"},"schema":{"@context":"https:\/\/schema.org","@graph":[{"@type":"WebSite","@id":"https:\/\/www.cdlhome.fr\/#website","url":"https:\/\/www.cdlhome.fr\/","name":"CDL HOME","description":"SOURCING MEUBLE DECO INDONESIE","potentialAction":[{"@type":"SearchAction","target":{"@type":"EntryPoint","urlTemplate":"https:\/\/www.cdlhome.fr\/?s={search_term_string}"},"query-input":"required name=search_term_string"}],"inLanguage":"fr-FR"},{"@type":"ImageObject","@id":"https:\/\/www.cdlhome.fr\/#primaryimage","inLanguage":"fr-FR","url":"https:\/\/i1.wp.com\/www.cdlhome.fr\/wp-content\/uploads\/2021\/04\/interieur-1.jpg?fit=900%2C600&ssl=1","contentUrl":"https:\/\/i1.wp.com\/www.cdlhome.fr\/wp-content\/uploads\/2021\/04\/interieur-1.jpg?fit=900%2C600&ssl=1","width":900,"height":600},{"@type":"WebPage","@id":"https:\/\/www.cdlhome.fr\/#webpage","url":"https:\/\/www.cdlhome.fr\/","name":"CDLHOME SOURCING MEUBLE DECO INDONESIE- BALI - JAVA","isPartOf":{"@id":"https:\/\/www.cdlhome.fr\/#website"},"primaryImageOfPage":{"@id":"https:\/\/www.cdlhome.fr\/#primaryimage"},"datePublished":"2021-04-07T11:13:31+00:00","dateModified":"2022-02-02T11:34:58+00:00","description":"Soci\u00e9t\u00e9 sp\u00e9cialis\u00e9e dans le sourcing et le suivi de fabrication en Indon\u00e9sie de d\u00e9coration et de mobilier int\u00e9rieur\/ext\u00e9rieur.","breadcrumb":{"@id":"https:\/\/www.cdlhome.fr\/#breadcrumb"},"inLanguage":"fr-FR","potentialAction":[{"@type":"ReadAction","target":["https:\/\/www.cdlhome.fr\/"]}]},{"@type":"BreadcrumbList","@id":"https:\/\/www.cdlhome.fr\/#breadcrumb","itemListElement":[{"@type":"ListItem","position":1,"name":"Accueil","item":"https:\/\/www.cdlhome.fr\/"},{"@type":"ListItem","position":2,"name":"Accueil"}]}]}},"jetpack-related-posts":[],"_links":{"self":[{"href":"https:\/\/www.cdlhome.fr\/index.php\/wp-json\/wp\/v2\/pages\/52"}],"collection":[{"href":"https:\/\/www.cdlhome.fr\/index.php\/wp-json\/wp\/v2\/pages"}],"about":[{"href":"https:\/\/www.cdlhome.fr\/index.php\/wp-json\/wp\/v2\/types\/page"}],"author":[{"embeddable":true,"href":"https:\/\/www.cdlhome.fr\/index.php\/wp-json\/wp\/v2\/users\/1"}],"replies":[{"embeddable":true,"href":"https:\/\/www.cdlhome.fr\/index.php\/wp-json\/wp\/v2\/comments?post=52"}],"version-history":[{"count":54,"href":"https:\/\/www.cdlhome.fr\/index.php\/wp-json\/wp\/v2\/pages\/52\/revisions"}],"predecessor-version":[{"id":448,"href":"https:\/\/www.cdlhome.fr\/index.php\/wp-json\/wp\/v2\/pages\/52\/revisions\/448"}],"wp:attachment":[{"href":"https:\/\/www.cdlhome.fr\/index.php\/wp-json\/wp\/v2\/media?parent=52"}],"curies":[{"name":"wp","href":"https:\/\/api.w.org\/{rel}","templated":true}]}}